{"id":3747,"date":"2021-04-16T08:35:23","date_gmt":"2021-04-16T08:35:23","guid":{"rendered":"http:\/\/www.multicocinas.es\/multicocinas\/?page_id=3747"},"modified":"2021-04-16T09:07:19","modified_gmt":"2021-04-16T09:07:19","slug":"contacto","status":"publish","type":"page","link":"https:\/\/multicocinas.es\/index.php\/contacto\/","title":{"rendered":"Contacto"},"content":{"rendered":"<\/div><\/div><\/div><!-- close content main div --><\/div><\/div><div id='av_section_1' class='avia-section main_color avia-section-default avia-no-shadow av-parallax-section av-section-color-overlay-active avia-bg-style-parallax  container_wrap sidebar_right'  data-section-bg-repeat='no-repeat' ><div class='av-parallax' data-avia-parallax-ratio='0.3' ><div class='av-parallax-inner main_color  avia-full-stretch' style = 'background-repeat: no-repeat; background-image: url(https:\/\/multicocinas.es\/wp-content\/uploads\/2013\/03\/fondo-marmol.jpg); background-attachment: scroll; background-position: top left; ' ><\/div><\/div><div class='av-section-color-overlay-wrap'><div class='av-section-color-overlay' style='opacity: 0.4; background-color: #000000; '><\/div><div class='container' ><div class='template-page content  av-content-small alpha units'><div class='post-entry post-entry-type-page post-entry-3747'><div class='entry-content-wrapper clearfix'>\n<div class=\"flex_column av_one_third  flex_column_div av-zero-column-padding first  \" style='border-radius:0px; '><\/div><div class=\"flex_column av_one_third  flex_column_div av-zero-column-padding   \" style='border-radius:0px; '><p><div style=' margin-top:30px; margin-bottom:30px;'  class='hr hr-custom hr-center hr-icon-no '><span class='hr-inner   inner-border-av-border-thin' style=' width:500px; border-color:#ffffff;' ><span class='hr-inner-style'><\/span><\/span><\/div><br \/>\n<div style='padding-bottom:10px;' class='av-special-heading av-special-heading-h2  blockquote modern-quote  '><h2 class='av-special-heading-tag'  itemprop=\"headline\"  >Montamos tu cocina en cualquier punto de Espa\u00f1a.<\/h2><div class='special-heading-border'><div class='special-heading-inner-border' ><\/div><\/div><\/div><br \/>\n<div style='height:20px' class='hr hr-invisible '><span class='hr-inner ' ><span class='hr-inner-style'><\/span><\/span><\/div><br \/>\n<section class=\"av_textblock_section\"  itemscope=\"itemscope\" itemtype=\"https:\/\/schema.org\/CreativeWork\" ><div class='avia_textblock '   itemprop=\"text\" ><p style=\"text-align: left;\">Ponte en contacto con nosotros sin ning\u00fan compromiso, tenemos lo que estas buscando.<\/p>\n<\/div><\/section><br \/>\n<div style=' margin-top:20px; margin-bottom:30px;'  class='hr hr-custom hr-center hr-icon-no '><span class='hr-inner   inner-border-av-border-thin' style=' width:500px; border-color:#ffffff;' ><span class='hr-inner-style'><\/span><\/span><\/div><\/p><\/div><div class=\"flex_column av_one_third  flex_column_div av-zero-column-padding   \" style='border-radius:0px; '><\/div><\/div><\/div><\/div><!-- close content main div --><\/div><\/div><\/div><div id='after_section_1' class='main_color container_wrap sidebar_right'   ><div class='container' ><div class='template-page content  av-content-small alpha units'><div class='post-entry post-entry-type-page post-entry-3747'><div class='entry-content-wrapper clearfix'><\/div><\/div><\/div><!-- close content main div --><\/div><\/div><\/div><div id='av_section_2' class='avia-section main_color avia-section-default avia-no-shadow avia-bg-style-scroll  av-minimum-height av-minimum-height-50 container_wrap sidebar_right'   ><div class='container' ><div class='template-page content  av-content-small alpha units'><div class='post-entry post-entry-type-page post-entry-3747'><div class='entry-content-wrapper clearfix'>\n<div class=\"flex_column av_one_third  flex_column_div av-zero-column-padding first  \" style='border-radius:0px; '><p><div style=' margin-top:0px; margin-bottom:30px;'  class='hr hr-custom hr-center hr-icon-no '><span class='hr-inner   inner-border-av-border-thin' style=' width:500px; border-color:#ffffff;' ><span class='hr-inner-style'><\/span><\/span><\/div><br \/>\n<div class='avia-icon-list-container '><ul class='avia-icon-list avia-icon-list-left avia_animate_when_almost_visible'>\n<li><div  style='color:#ffffff; ' class='iconlist_icon avia-font-entypo-fontello'><span class='iconlist-char' aria-hidden='true' data-av_icon='\ue842' data-av_iconfont='entypo-fontello'><\/span><\/div><article class=\"article-icon-entry \"  itemscope=\"itemscope\" itemtype=\"https:\/\/schema.org\/CreativeWork\" ><div class='iconlist_content_wrap'><header class=\"entry-content-header\"><h4 class='iconlist_title'  itemprop=\"headline\"   style='color:#ffffff; '>Direcci\u00f3n<\/h4><\/header><div class='iconlist_content av_inherit_color'  itemprop=\"text\"   style='color:#f7f7f7; '><p>Ctra. de Valladolid, 84.<br \/>\nVillares de la Reina.<br \/>\nSALAMANCA<\/p>\n<\/div><\/div><footer class=\"entry-footer\"><\/footer><\/article><div class='iconlist-timeline'><\/div><\/li>\n<li><div  style='color:#ffffff; ' class='iconlist_icon avia-font-entypo-fontello'><span class='iconlist-char' aria-hidden='true' data-av_icon='\ue854' data-av_iconfont='entypo-fontello'><\/span><\/div><article class=\"article-icon-entry \"  itemscope=\"itemscope\" itemtype=\"https:\/\/schema.org\/CreativeWork\" ><div class='iconlist_content_wrap'><header class=\"entry-content-header\"><h4 class='iconlist_title'  itemprop=\"headline\"   style='color:#ffffff; '>Tel\u00e9fono<\/h4><\/header><div class='iconlist_content av_inherit_color'  itemprop=\"text\"   style='color:#f7f7f7; '><p>923 22 67 66<\/p>\n<\/div><\/div><footer class=\"entry-footer\"><\/footer><\/article><div class='iconlist-timeline'><\/div><\/li>\n<li><div  style='color:#ffffff; ' class='iconlist_icon avia-font-entypo-fontello'><span class='iconlist-char' aria-hidden='true' data-av_icon='\ue805' data-av_iconfont='entypo-fontello'><\/span><\/div><article class=\"article-icon-entry \"  itemscope=\"itemscope\" itemtype=\"https:\/\/schema.org\/CreativeWork\" ><div class='iconlist_content_wrap'><header class=\"entry-content-header\"><h4 class='iconlist_title'  itemprop=\"headline\"   style='color:#ffffff; '>E-mail<\/h4><\/header><div class='iconlist_content av_inherit_color'  itemprop=\"text\"   style='color:#f7f7f7; '><p><a href=\"mailto:info@multicocinas.es\">info@multicocinas.es<\/a><\/p>\n<\/div><\/div><footer class=\"entry-footer\"><\/footer><\/article><div class='iconlist-timeline'><\/div><\/li>\n<\/ul><\/div><br \/>\n<div style=' margin-top:-30px; margin-bottom:30px;'  class='hr hr-custom hr-center hr-icon-no '><span class='hr-inner   inner-border-av-border-thin' style=' width:500px; border-color:#ffffff;' ><span class='hr-inner-style'><\/span><\/span><\/div><\/p><\/div><div class=\"flex_column av_two_third  flex_column_div av-zero-column-padding   \" style='border-radius:0px; '><section class=\"av_textblock_section\"  itemscope=\"itemscope\" itemtype=\"https:\/\/schema.org\/CreativeWork\" ><div class='avia_textblock '   itemprop=\"text\" ><p><iframe loading=\"lazy\" style=\"border: 0;\" src=\"https:\/\/www.google.com\/maps\/embed?pb=!1m18!1m12!1m3!1d3011.5507404563937!2d-5.6432752845864735!3d40.99131737930251!2m3!1f0!2f0!3f0!3m2!1i1024!2i768!4f13.1!3m3!1m2!1s0xd3f2f521991a203%3A0xc13c16c506502677!2sCtra.+Valladolid%2C+82%2C+37184+Villares+de+la+Reina%2C+Salamanca!5e0!3m2!1ses!2ses!4v1551772472842\" width=\"1200\" height=\"400\" frameborder=\"0\" allowfullscreen=\"allowfullscreen\"><\/iframe><\/p>\n<\/div><\/section><\/div>\n<\/div><\/div><\/div><!-- close content main div --><\/div><\/div><div id='after_section_2' class='main_color container_wrap sidebar_right'   ><div class='container' ><div class='template-page content  av-content-small alpha units'><div class='post-entry post-entry-type-page post-entry-3747'><div class='entry-content-wrapper clearfix'><\/p>\n","protected":false},"excerpt":{"rendered":"","protected":false},"author":1,"featured_media":0,"parent":0,"menu_order":0,"comment_status":"open","ping_status":"closed","template":"","meta":{"footnotes":""},"class_list":["post-3747","page","type-page","status-publish","hentry"],"yoast_head":"<!-- This site is optimized with the Yoast SEO plugin v25.4 - https:\/\/yoast.com\/wordpress\/plugins\/seo\/ -->\n<title>Inicio - Cocinas Salamanca - multicocinas.es<\/title>\n<meta name=\"description\" content=\"Multicocinas Cocinas Salamanca, 48 a\u00f1os a tu servicio, dise\u00f1o, fabricaci\u00f3n y montadores propios. Cont\u00e1ctanos sin ning\u00fan compromiso 923 22 67 66\" \/>\n<meta name=\"robots\" content=\"index, follow, max-snippet:-1, max-image-preview:large, max-video-preview:-1\" \/>\n<link rel=\"canonical\" href=\"https:\/\/multicocinas.es\/index.php\/contacto\/\" \/>\n<meta property=\"og:locale\" content=\"es_ES\" \/>\n<meta property=\"og:type\" content=\"article\" \/>\n<meta property=\"og:title\" content=\"Inicio - Cocinas Salamanca - multicocinas.es\" \/>\n<meta property=\"og:description\" content=\"Multicocinas Cocinas Salamanca, 48 a\u00f1os a tu servicio, dise\u00f1o, fabricaci\u00f3n y montadores propios. Cont\u00e1ctanos sin ning\u00fan compromiso 923 22 67 66\" \/>\n<meta property=\"og:url\" content=\"https:\/\/multicocinas.es\/index.php\/contacto\/\" \/>\n<meta property=\"og:site_name\" content=\"multicocinas\" \/>\n<meta property=\"article:modified_time\" content=\"2021-04-16T09:07:19+00:00\" \/>\n<meta name=\"twitter:card\" content=\"summary_large_image\" \/>\n<meta name=\"twitter:label1\" content=\"Tiempo de lectura\" \/>\n\t<meta name=\"twitter:data1\" content=\"4 minutos\" \/>\n<script type=\"application\/ld+json\" class=\"yoast-schema-graph\">{\"@context\":\"https:\/\/schema.org\",\"@graph\":[{\"@type\":\"WebPage\",\"@id\":\"https:\/\/multicocinas.es\/index.php\/contacto\/\",\"url\":\"https:\/\/multicocinas.es\/index.php\/contacto\/\",\"name\":\"Inicio - Cocinas Salamanca - multicocinas.es\",\"isPartOf\":{\"@id\":\"https:\/\/multicocinas.es\/#website\"},\"datePublished\":\"2021-04-16T08:35:23+00:00\",\"dateModified\":\"2021-04-16T09:07:19+00:00\",\"description\":\"Multicocinas Cocinas Salamanca, 48 a\u00f1os a tu servicio, dise\u00f1o, fabricaci\u00f3n y montadores propios. Cont\u00e1ctanos sin ning\u00fan compromiso 923 22 67 66\",\"breadcrumb\":{\"@id\":\"https:\/\/multicocinas.es\/index.php\/contacto\/#breadcrumb\"},\"inLanguage\":\"es\",\"potentialAction\":[{\"@type\":\"ReadAction\",\"target\":[\"https:\/\/multicocinas.es\/index.php\/contacto\/\"]}]},{\"@type\":\"BreadcrumbList\",\"@id\":\"https:\/\/multicocinas.es\/index.php\/contacto\/#breadcrumb\",\"itemListElement\":[{\"@type\":\"ListItem\",\"position\":1,\"name\":\"Portada\",\"item\":\"https:\/\/multicocinas.es\/\"},{\"@type\":\"ListItem\",\"position\":2,\"name\":\"Contacto\"}]},{\"@type\":\"WebSite\",\"@id\":\"https:\/\/multicocinas.es\/#website\",\"url\":\"https:\/\/multicocinas.es\/\",\"name\":\"multicocinas\",\"description\":\"Otro sitio realizado con WordPress\",\"potentialAction\":[{\"@type\":\"SearchAction\",\"target\":{\"@type\":\"EntryPoint\",\"urlTemplate\":\"https:\/\/multicocinas.es\/?s={search_term_string}\"},\"query-input\":{\"@type\":\"PropertyValueSpecification\",\"valueRequired\":true,\"valueName\":\"search_term_string\"}}],\"inLanguage\":\"es\"}]}<\/script>\n<!-- \/ Yoast SEO plugin. -->","yoast_head_json":{"title":"Inicio - Cocinas Salamanca - multicocinas.es","description":"Multicocinas Cocinas Salamanca, 48 a\u00f1os a tu servicio, dise\u00f1o, fabricaci\u00f3n y montadores propios. Cont\u00e1ctanos sin ning\u00fan compromiso 923 22 67 66","robots":{"index":"index","follow":"follow","max-snippet":"max-snippet:-1","max-image-preview":"max-image-preview:large","max-video-preview":"max-video-preview:-1"},"canonical":"https:\/\/multicocinas.es\/index.php\/contacto\/","og_locale":"es_ES","og_type":"article","og_title":"Inicio - Cocinas Salamanca - multicocinas.es","og_description":"Multicocinas Cocinas Salamanca, 48 a\u00f1os a tu servicio, dise\u00f1o, fabricaci\u00f3n y montadores propios. Cont\u00e1ctanos sin ning\u00fan compromiso 923 22 67 66","og_url":"https:\/\/multicocinas.es\/index.php\/contacto\/","og_site_name":"multicocinas","article_modified_time":"2021-04-16T09:07:19+00:00","twitter_card":"summary_large_image","twitter_misc":{"Tiempo de lectura":"4 minutos"},"schema":{"@context":"https:\/\/schema.org","@graph":[{"@type":"WebPage","@id":"https:\/\/multicocinas.es\/index.php\/contacto\/","url":"https:\/\/multicocinas.es\/index.php\/contacto\/","name":"Inicio - Cocinas Salamanca - multicocinas.es","isPartOf":{"@id":"https:\/\/multicocinas.es\/#website"},"datePublished":"2021-04-16T08:35:23+00:00","dateModified":"2021-04-16T09:07:19+00:00","description":"Multicocinas Cocinas Salamanca, 48 a\u00f1os a tu servicio, dise\u00f1o, fabricaci\u00f3n y montadores propios. Cont\u00e1ctanos sin ning\u00fan compromiso 923 22 67 66","breadcrumb":{"@id":"https:\/\/multicocinas.es\/index.php\/contacto\/#breadcrumb"},"inLanguage":"es","potentialAction":[{"@type":"ReadAction","target":["https:\/\/multicocinas.es\/index.php\/contacto\/"]}]},{"@type":"BreadcrumbList","@id":"https:\/\/multicocinas.es\/index.php\/contacto\/#breadcrumb","itemListElement":[{"@type":"ListItem","position":1,"name":"Portada","item":"https:\/\/multicocinas.es\/"},{"@type":"ListItem","position":2,"name":"Contacto"}]},{"@type":"WebSite","@id":"https:\/\/multicocinas.es\/#website","url":"https:\/\/multicocinas.es\/","name":"multicocinas","description":"Otro sitio realizado con WordPress","potentialAction":[{"@type":"SearchAction","target":{"@type":"EntryPoint","urlTemplate":"https:\/\/multicocinas.es\/?s={search_term_string}"},"query-input":{"@type":"PropertyValueSpecification","valueRequired":true,"valueName":"search_term_string"}}],"inLanguage":"es"}]}},"_links":{"self":[{"href":"https:\/\/multicocinas.es\/index.php\/wp-json\/wp\/v2\/pages\/3747","targetHints":{"allow":["GET"]}}],"collection":[{"href":"https:\/\/multicocinas.es\/index.php\/wp-json\/wp\/v2\/pages"}],"about":[{"href":"https:\/\/multicocinas.es\/index.php\/wp-json\/wp\/v2\/types\/page"}],"author":[{"embeddable":true,"href":"https:\/\/multicocinas.es\/index.php\/wp-json\/wp\/v2\/users\/1"}],"replies":[{"embeddable":true,"href":"https:\/\/multicocinas.es\/index.php\/wp-json\/wp\/v2\/comments?post=3747"}],"version-history":[{"count":0,"href":"https:\/\/multicocinas.es\/index.php\/wp-json\/wp\/v2\/pages\/3747\/revisions"}],"wp:attachment":[{"href":"https:\/\/multicocinas.es\/index.php\/wp-json\/wp\/v2\/media?parent=3747"}],"curies":[{"name":"wp","href":"https:\/\/api.w.org\/{rel}","templated":true}]}}