{"id":3725,"date":"2021-04-16T08:12:49","date_gmt":"2021-04-16T08:12:49","guid":{"rendered":"http:\/\/www.multicocinas.es\/multicocinas\/?page_id=3725"},"modified":"2021-04-28T08:50:57","modified_gmt":"2021-04-28T08:50:57","slug":"departamento-diseno","status":"publish","type":"page","link":"https:\/\/multicocinas.es\/index.php\/departamento-diseno\/","title":{"rendered":"Departamento Dise\u00f1o"},"content":{"rendered":"<\/div><\/div><\/div><!-- close content main div --><\/div><\/div><div id='av_section_1' class='avia-section main_color avia-section-default avia-no-shadow avia-bg-style-fixed  av-minimum-height av-minimum-height-100 container_wrap sidebar_right' style = 'background-repeat: no-repeat; background-image: url(https:\/\/multicocinas.es\/wp-content\/uploads\/2013\/03\/equipo-de-dise-2.jpg); background-attachment: fixed; background-position: top center; ' data-section-bg-repeat='no-repeat' ><div class='av-section-color-overlay-wrap'><a href='#next-section' title='' class='scroll-down-link' aria-hidden='true' data-av_icon='\ue877' data-av_iconfont='entypo-fontello'><\/a><div class='container' ><div class='template-page content  av-content-small alpha units'><div class='post-entry post-entry-type-page post-entry-3725'><div class='entry-content-wrapper clearfix'><\/div><\/div><\/div><!-- close content main div --><\/div><\/div><\/div><div id='after_section_1' class='main_color container_wrap sidebar_right'   ><div class='container' ><div class='template-page content  av-content-small alpha units'><div class='post-entry post-entry-type-page post-entry-3725'><div class='entry-content-wrapper clearfix'>\n<\/div><\/div><\/div><!-- close content main div --><\/div><\/div><\/div><div id='av_section_2' class='avia-section main_color avia-section-default avia-no-shadow avia-bg-style-scroll  av-minimum-height av-minimum-height-100 container_wrap sidebar_right'   ><div class='container' ><div class='template-page content  av-content-small alpha units'><div class='post-entry post-entry-type-page post-entry-3725'><div class='entry-content-wrapper clearfix'>\n<div class=\"flex_column av_two_third  flex_column_div av-zero-column-padding first  \" style='border-radius:0px; '><section class=\"av_textblock_section\"  itemscope=\"itemscope\" itemtype=\"https:\/\/schema.org\/CreativeWork\" ><div class='avia_textblock '  style='font-size:18px; '  itemprop=\"text\" ><h1><strong>Ver el resultado final<br \/>\nantes de confirmar tu pedido<br \/>\nes posible.<\/strong><\/h1>\n<\/div><\/section><br \/>\n<section class=\"av_textblock_section\"  itemscope=\"itemscope\" itemtype=\"https:\/\/schema.org\/CreativeWork\" ><div class='avia_textblock '  style='font-size:18px; '  itemprop=\"text\" ><p>En Multicocinas pensamos que el hecho de tener nuestro propio departamento de dise\u00f1o nos confiere grandes posibilidades de ofrecer a nuestros clientes la cocina que est\u00e1 buscando. La conjunci\u00f3n perfecta entre las necesidades del cliente y las posibilidades que nos ofrece la estancia a dise\u00f1ar, es el objetivo final de nuestro departamento de dise\u00f1o. Un equipo formado por dise\u00f1adores e interioristas, que una vez captada la idea del cliente y sus gustos, dise\u00f1an una cocina a medida y personalizada aprovechando hasta el m\u00e1s m\u00ednimo espacio, para ofrecer siempre una cocina \u00f3ptima en dise\u00f1o y funcionalidad. Con nuestras herramientas, somos capaces de ense\u00f1ar al cliente ilustraciones gr\u00e1ficas con impresionantes acabados en 3D, que replicar\u00e1n de manera pr\u00e1cticamente exacta el acabado final de la cocina y con ello no dejamos lugar a ninguna duda respecto a como va a ser la cocina de tus sue\u00f1os.<\/p>\n<\/div><\/section><br \/>\n<div style='padding-bottom:0px;' class='av-special-heading av-special-heading-h4    '><h4 class='av-special-heading-tag'  itemprop=\"headline\"  >Visualiza tu cocina en 3D<\/h4><div class='special-heading-border'><div class='special-heading-inner-border' ><\/div><\/div><\/div><br \/>\n<div  data-size='no scaling'  data-lightbox_size='large'  data-animation='fade'  data-ids='3837,3838,3836'  data-video_counter='0'  data-autoplay='true'  data-bg_slider='false'  data-slide_height=''  data-handle='av_slideshow'  data-interval='4'  data-class=''  data-css_id=''  data-scroll_down=''  data-control_layout='av-control-hidden'  data-custom_markup=''  data-perma_caption=''  data-autoplay_stopper=''  class='avia-slideshow avia-slideshow-1  av-control-hidden avia-slideshow-no scaling av_slideshow  avia-fade-slider '  itemscope=\"itemscope\" itemtype=\"https:\/\/schema.org\/ImageObject\" ><ul class='avia-slideshow-inner' ><li  class=' slide-1 ' ><div data-rel='slideshow-1' class='avia-slide-wrap'  ><img src='https:\/\/multicocinas.es\/wp-content\/uploads\/2021\/04\/cocina-vista-2.jpg' width='1600' height='900' title='cocina-vista-2' alt=''  itemprop=\"contentURL\"  \/><\/div><\/li><li  class=' slide-2 ' ><div data-rel='slideshow-1' class='avia-slide-wrap'  ><img src='https:\/\/multicocinas.es\/wp-content\/uploads\/2021\/04\/cocina-vista-3.jpg' width='1600' height='900' title='cocina-vista-3' alt=''  itemprop=\"contentURL\"  \/><\/div><\/li><li  class=' slide-3 ' ><div data-rel='slideshow-1' class='avia-slide-wrap'  ><img src='https:\/\/multicocinas.es\/wp-content\/uploads\/2021\/04\/cocina-vista-1.jpg' width='1600' height='900' title='cocina-vista-1' alt=''  itemprop=\"contentURL\"  \/><\/div><\/li><\/ul><div class='avia-slideshow-arrows avia-slideshow-controls'><a href='#prev' class='prev-slide' aria-hidden='true' data-av_icon='\ue87c' data-av_iconfont='entypo-fontello'>Anterior<\/a><a href='#next' class='next-slide' aria-hidden='true' data-av_icon='\ue87d' data-av_iconfont='entypo-fontello'>Posterior<\/a><\/div><div class='avia-slideshow-dots avia-slideshow-controls'><a href='#1' class='goto-slide active' >1<\/a><a href='#2' class='goto-slide ' >2<\/a><a href='#3' class='goto-slide ' >3<\/a><\/div><\/div><\/p><\/div>\n<\/div><\/div><\/div><!-- close content main div --><\/div><\/div><div id='after_section_2' class='main_color container_wrap sidebar_right'   ><div class='container' ><div class='template-page content  av-content-small alpha units'><div class='post-entry post-entry-type-page post-entry-3725'><div class='entry-content-wrapper clearfix'>\n<\/div><\/div><\/div><!-- close content main div --><\/div><\/div><div id='av_section_3' class='avia-section main_color avia-section-default avia-no-shadow avia-bg-style-scroll  container_wrap sidebar_right'   ><div class='container' ><div class='template-page content  av-content-small alpha units'><div class='post-entry post-entry-type-page post-entry-3725'><div class='entry-content-wrapper clearfix'>\n<div class=\"flex_column av_one_third  flex_column_div av-zero-column-padding first  \" style='border-radius:0px; '><p><div style=' margin-top:30px; margin-bottom:30px;'  class='hr hr-custom hr-center hr-icon-no '><span class='hr-inner   inner-border-av-border-thin' style=' width:500px; border-color:#ffffff;' ><span class='hr-inner-style'><\/span><\/span><\/div><br \/>\n<div style='padding-bottom:10px;' class='av-special-heading av-special-heading-h2   '><h2 class='av-special-heading-tag'  itemprop=\"headline\"  >Montamos tu cocina en cualquier punto de Espa\u00f1a y Europa.<\/h2><div class='special-heading-border'><div class='special-heading-inner-border' ><\/div><\/div><\/div><br \/>\n<div style='height:20px' class='hr hr-invisible '><span class='hr-inner ' ><span class='hr-inner-style'><\/span><\/span><\/div><br \/>\n<section class=\"av_textblock_section\"  itemscope=\"itemscope\" itemtype=\"https:\/\/schema.org\/CreativeWork\" ><div class='avia_textblock '   itemprop=\"text\" ><p>Ponte en contacto con nosotros sin ning\u00fan compromiso, tenemos lo que estas buscando.<\/p>\n<\/div><\/section><br \/>\n<div style=' margin-top:20px; margin-bottom:30px;'  class='hr hr-custom hr-center hr-icon-no '><span class='hr-inner   inner-border-av-border-thin' style=' width:500px; border-color:#ffffff;' ><span class='hr-inner-style'><\/span><\/span><\/div><\/p><\/div><div class=\"flex_column av_one_third  flex_column_div av-zero-column-padding   \" style='border-radius:0px; '><p><div style=' margin-top:30px; margin-bottom:30px;'  class='hr hr-custom hr-center hr-icon-no '><span class='hr-inner   inner-border-av-border-thin' style=' width:500px; border-color:#ffffff;' ><span class='hr-inner-style'><\/span><\/span><\/div><br \/>\n<div class='avia-icon-list-container '><ul class='avia-icon-list avia-icon-list-left avia_animate_when_almost_visible'>\n<li><div  style='color:#ffffff; ' class='iconlist_icon avia-font-entypo-fontello'><span class='iconlist-char' aria-hidden='true' data-av_icon='\ue842' data-av_iconfont='entypo-fontello'><\/span><\/div><article class=\"article-icon-entry \"  itemscope=\"itemscope\" itemtype=\"https:\/\/schema.org\/CreativeWork\" ><div class='iconlist_content_wrap'><header class=\"entry-content-header\"><h4 class='iconlist_title'  itemprop=\"headline\"   style='color:#ffffff; '>Direcci\u00f3n<\/h4><\/header><div class='iconlist_content av_inherit_color'  itemprop=\"text\"   style='color:#f7f7f7; '><p>Ctra. de Valladolid, 84.<br \/>\nVillares de la Reina.<br \/>\nSALAMANCA<\/p>\n<\/div><\/div><footer class=\"entry-footer\"><\/footer><\/article><div class='iconlist-timeline'><\/div><\/li>\n<li><div  style='color:#ffffff; ' class='iconlist_icon avia-font-entypo-fontello'><span class='iconlist-char' aria-hidden='true' data-av_icon='\ue854' data-av_iconfont='entypo-fontello'><\/span><\/div><article class=\"article-icon-entry \"  itemscope=\"itemscope\" itemtype=\"https:\/\/schema.org\/CreativeWork\" ><div class='iconlist_content_wrap'><header class=\"entry-content-header\"><h4 class='iconlist_title'  itemprop=\"headline\"   style='color:#ffffff; '>Tel\u00e9fono<\/h4><\/header><div class='iconlist_content av_inherit_color'  itemprop=\"text\"   style='color:#f7f7f7; '><p>923 22 67 66<\/p>\n<\/div><\/div><footer class=\"entry-footer\"><\/footer><\/article><div class='iconlist-timeline'><\/div><\/li>\n<li><div  style='color:#ffffff; ' class='iconlist_icon avia-font-entypo-fontello'><span class='iconlist-char' aria-hidden='true' data-av_icon='\ue805' data-av_iconfont='entypo-fontello'><\/span><\/div><article class=\"article-icon-entry \"  itemscope=\"itemscope\" itemtype=\"https:\/\/schema.org\/CreativeWork\" ><div class='iconlist_content_wrap'><header class=\"entry-content-header\"><h4 class='iconlist_title'  itemprop=\"headline\"   style='color:#ffffff; '>E-mail<\/h4><\/header><div class='iconlist_content av_inherit_color'  itemprop=\"text\"   style='color:#f7f7f7; '><p><a href=\"mailto:info@multicocinas.es\">info@multicocinas.es<\/a><\/p>\n<\/div><\/div><footer class=\"entry-footer\"><\/footer><\/article><div class='iconlist-timeline'><\/div><\/li>\n<\/ul><\/div><br \/>\n<div style=' margin-top:-30px; margin-bottom:30px;'  class='hr hr-custom hr-center hr-icon-no '><span class='hr-inner   inner-border-av-border-thin' style=' width:500px; border-color:#ffffff;' ><span class='hr-inner-style'><\/span><\/span><\/div><\/p><\/div><div class=\"flex_column av_one_third  flex_column_div av-zero-column-padding   \" style='border-radius:0px; '><p><div style=' margin-top:30px; margin-bottom:30px;'  class='hr hr-custom hr-center hr-icon-no '><span class='hr-inner   inner-border-av-border-thin' style=' width:500px; border-color:#ffffff;' ><span class='hr-inner-style'><\/span><\/span><\/div><br \/>\n<article class=\"iconbox iconbox_top av-no-box \"  itemscope=\"itemscope\" itemtype=\"https:\/\/schema.org\/CreativeWork\" ><div class=\"iconbox_content\"><header class=\"entry-content-header\"><a href='https:\/\/www.facebook.com\/multicocinassalamanca\/' title='S\u00edguenos en Facebook'  target=\"_blank\"  class=\"iconbox_icon heading-color\" aria-hidden='true' data-av_icon='\ue8f3' data-av_iconfont='entypo-fontello'  style='background-color:#000000; border:1px solid #ffffff; color:#ffffff; ' ><\/a><h3 class='iconbox_content_title'  itemprop=\"headline\"  ><a href='https:\/\/www.facebook.com\/multicocinassalamanca\/' title='S\u00edguenos en Facebook'  target=\"_blank\" >S\u00edguenos en Facebook<\/a><\/h3><\/header><div class='iconbox_content_container '  itemprop=\"text\"  ><\/div><\/div><footer class=\"entry-footer\"><\/footer><\/article><br \/>\n<div style='height:5px' class='hr hr-invisible '><span class='hr-inner ' ><span class='hr-inner-style'><\/span><\/span><\/div><br \/>\n<article class=\"iconbox iconbox_top av-no-box \"  itemscope=\"itemscope\" itemtype=\"https:\/\/schema.org\/CreativeWork\" ><div class=\"iconbox_content\"><header class=\"entry-content-header\"><a href='https:\/\/www.instagram.com\/multicocinassalamanca\/' title='S\u00edguenos en Instagram'  target=\"_blank\"  class=\"iconbox_icon heading-color\" aria-hidden='true' data-av_icon='\ue909' data-av_iconfont='entypo-fontello'  style='background-color:#000000; border:1px solid #ffffff; color:#ffffff; ' ><\/a><h3 class='iconbox_content_title'  itemprop=\"headline\"  ><a href='https:\/\/www.instagram.com\/multicocinassalamanca\/' title='S\u00edguenos en Instagram'  target=\"_blank\" >S\u00edguenos en Instagram<\/a><\/h3><\/header><div class='iconbox_content_container '  itemprop=\"text\"  ><\/div><\/div><footer class=\"entry-footer\"><\/footer><\/article><br \/>\n<div style=' margin-top:10px; margin-bottom:30px;'  class='hr hr-custom hr-center hr-icon-no '><span class='hr-inner   inner-border-av-border-thin' style=' width:500px; border-color:#ffffff;' ><span class='hr-inner-style'><\/span><\/span><\/div><\/p><\/div>\n<\/div><\/div><\/div><!-- close content main div --><\/div><\/div><div id='after_section_3' class='main_color container_wrap sidebar_right'   ><div class='container' ><div class='template-page content  av-content-small alpha units'><div class='post-entry post-entry-type-page post-entry-3725'><div class='entry-content-wrapper clearfix'>\n","protected":false},"excerpt":{"rendered":"","protected":false},"author":1,"featured_media":0,"parent":0,"menu_order":0,"comment_status":"open","ping_status":"closed","template":"","meta":{"footnotes":""},"class_list":["post-3725","page","type-page","status-publish","hentry"],"yoast_head":"<!-- This site is optimized with the Yoast SEO plugin v25.4 - https:\/\/yoast.com\/wordpress\/plugins\/seo\/ -->\n<title>Inicio - Cocinas Salamanca - multicocinas.es<\/title>\n<meta name=\"description\" content=\"Multicocinas Cocinas Salamanca, 48 a\u00f1os a tu servicio, dise\u00f1o, fabricaci\u00f3n y montadores propios. Cont\u00e1ctanos sin ning\u00fan compromiso 923 22 67 66\" \/>\n<meta name=\"robots\" content=\"index, follow, max-snippet:-1, max-image-preview:large, max-video-preview:-1\" \/>\n<link rel=\"canonical\" href=\"https:\/\/multicocinas.es\/index.php\/departamento-diseno\/\" \/>\n<meta property=\"og:locale\" content=\"es_ES\" \/>\n<meta property=\"og:type\" content=\"article\" \/>\n<meta property=\"og:title\" content=\"Inicio - Cocinas Salamanca - multicocinas.es\" \/>\n<meta property=\"og:description\" content=\"Multicocinas Cocinas Salamanca, 48 a\u00f1os a tu servicio, dise\u00f1o, fabricaci\u00f3n y montadores propios. Cont\u00e1ctanos sin ning\u00fan compromiso 923 22 67 66\" \/>\n<meta property=\"og:url\" content=\"https:\/\/multicocinas.es\/index.php\/departamento-diseno\/\" \/>\n<meta property=\"og:site_name\" content=\"multicocinas\" \/>\n<meta property=\"article:modified_time\" content=\"2021-04-28T08:50:57+00:00\" \/>\n<meta name=\"twitter:card\" content=\"summary_large_image\" \/>\n<meta name=\"twitter:label1\" content=\"Tiempo de lectura\" \/>\n\t<meta name=\"twitter:data1\" content=\"7 minutos\" \/>\n<script type=\"application\/ld+json\" class=\"yoast-schema-graph\">{\"@context\":\"https:\/\/schema.org\",\"@graph\":[{\"@type\":\"WebPage\",\"@id\":\"https:\/\/multicocinas.es\/index.php\/departamento-diseno\/\",\"url\":\"https:\/\/multicocinas.es\/index.php\/departamento-diseno\/\",\"name\":\"Inicio - Cocinas Salamanca - multicocinas.es\",\"isPartOf\":{\"@id\":\"https:\/\/multicocinas.es\/#website\"},\"datePublished\":\"2021-04-16T08:12:49+00:00\",\"dateModified\":\"2021-04-28T08:50:57+00:00\",\"description\":\"Multicocinas Cocinas Salamanca, 48 a\u00f1os a tu servicio, dise\u00f1o, fabricaci\u00f3n y montadores propios. Cont\u00e1ctanos sin ning\u00fan compromiso 923 22 67 66\",\"breadcrumb\":{\"@id\":\"https:\/\/multicocinas.es\/index.php\/departamento-diseno\/#breadcrumb\"},\"inLanguage\":\"es\",\"potentialAction\":[{\"@type\":\"ReadAction\",\"target\":[\"https:\/\/multicocinas.es\/index.php\/departamento-diseno\/\"]}]},{\"@type\":\"BreadcrumbList\",\"@id\":\"https:\/\/multicocinas.es\/index.php\/departamento-diseno\/#breadcrumb\",\"itemListElement\":[{\"@type\":\"ListItem\",\"position\":1,\"name\":\"Portada\",\"item\":\"https:\/\/multicocinas.es\/\"},{\"@type\":\"ListItem\",\"position\":2,\"name\":\"Departamento Dise\u00f1o\"}]},{\"@type\":\"WebSite\",\"@id\":\"https:\/\/multicocinas.es\/#website\",\"url\":\"https:\/\/multicocinas.es\/\",\"name\":\"multicocinas\",\"description\":\"Otro sitio realizado con WordPress\",\"potentialAction\":[{\"@type\":\"SearchAction\",\"target\":{\"@type\":\"EntryPoint\",\"urlTemplate\":\"https:\/\/multicocinas.es\/?s={search_term_string}\"},\"query-input\":{\"@type\":\"PropertyValueSpecification\",\"valueRequired\":true,\"valueName\":\"search_term_string\"}}],\"inLanguage\":\"es\"}]}<\/script>\n<!-- \/ Yoast SEO plugin. -->","yoast_head_json":{"title":"Inicio - Cocinas Salamanca - multicocinas.es","description":"Multicocinas Cocinas Salamanca, 48 a\u00f1os a tu servicio, dise\u00f1o, fabricaci\u00f3n y montadores propios. Cont\u00e1ctanos sin ning\u00fan compromiso 923 22 67 66","robots":{"index":"index","follow":"follow","max-snippet":"max-snippet:-1","max-image-preview":"max-image-preview:large","max-video-preview":"max-video-preview:-1"},"canonical":"https:\/\/multicocinas.es\/index.php\/departamento-diseno\/","og_locale":"es_ES","og_type":"article","og_title":"Inicio - Cocinas Salamanca - multicocinas.es","og_description":"Multicocinas Cocinas Salamanca, 48 a\u00f1os a tu servicio, dise\u00f1o, fabricaci\u00f3n y montadores propios. Cont\u00e1ctanos sin ning\u00fan compromiso 923 22 67 66","og_url":"https:\/\/multicocinas.es\/index.php\/departamento-diseno\/","og_site_name":"multicocinas","article_modified_time":"2021-04-28T08:50:57+00:00","twitter_card":"summary_large_image","twitter_misc":{"Tiempo de lectura":"7 minutos"},"schema":{"@context":"https:\/\/schema.org","@graph":[{"@type":"WebPage","@id":"https:\/\/multicocinas.es\/index.php\/departamento-diseno\/","url":"https:\/\/multicocinas.es\/index.php\/departamento-diseno\/","name":"Inicio - Cocinas Salamanca - multicocinas.es","isPartOf":{"@id":"https:\/\/multicocinas.es\/#website"},"datePublished":"2021-04-16T08:12:49+00:00","dateModified":"2021-04-28T08:50:57+00:00","description":"Multicocinas Cocinas Salamanca, 48 a\u00f1os a tu servicio, dise\u00f1o, fabricaci\u00f3n y montadores propios. Cont\u00e1ctanos sin ning\u00fan compromiso 923 22 67 66","breadcrumb":{"@id":"https:\/\/multicocinas.es\/index.php\/departamento-diseno\/#breadcrumb"},"inLanguage":"es","potentialAction":[{"@type":"ReadAction","target":["https:\/\/multicocinas.es\/index.php\/departamento-diseno\/"]}]},{"@type":"BreadcrumbList","@id":"https:\/\/multicocinas.es\/index.php\/departamento-diseno\/#breadcrumb","itemListElement":[{"@type":"ListItem","position":1,"name":"Portada","item":"https:\/\/multicocinas.es\/"},{"@type":"ListItem","position":2,"name":"Departamento Dise\u00f1o"}]},{"@type":"WebSite","@id":"https:\/\/multicocinas.es\/#website","url":"https:\/\/multicocinas.es\/","name":"multicocinas","description":"Otro sitio realizado con WordPress","potentialAction":[{"@type":"SearchAction","target":{"@type":"EntryPoint","urlTemplate":"https:\/\/multicocinas.es\/?s={search_term_string}"},"query-input":{"@type":"PropertyValueSpecification","valueRequired":true,"valueName":"search_term_string"}}],"inLanguage":"es"}]}},"_links":{"self":[{"href":"https:\/\/multicocinas.es\/index.php\/wp-json\/wp\/v2\/pages\/3725","targetHints":{"allow":["GET"]}}],"collection":[{"href":"https:\/\/multicocinas.es\/index.php\/wp-json\/wp\/v2\/pages"}],"about":[{"href":"https:\/\/multicocinas.es\/index.php\/wp-json\/wp\/v2\/types\/page"}],"author":[{"embeddable":true,"href":"https:\/\/multicocinas.es\/index.php\/wp-json\/wp\/v2\/users\/1"}],"replies":[{"embeddable":true,"href":"https:\/\/multicocinas.es\/index.php\/wp-json\/wp\/v2\/comments?post=3725"}],"version-history":[{"count":0,"href":"https:\/\/multicocinas.es\/index.php\/wp-json\/wp\/v2\/pages\/3725\/revisions"}],"wp:attachment":[{"href":"https:\/\/multicocinas.es\/index.php\/wp-json\/wp\/v2\/media?parent=3725"}],"curies":[{"name":"wp","href":"https:\/\/api.w.org\/{rel}","templated":true}]}}