{"id":3361,"date":"2016-04-01T12:30:47","date_gmt":"2016-04-01T12:30:47","guid":{"rendered":"http:\/\/multicocinas.es\/?page_id=3361"},"modified":"2017-02-03T13:45:45","modified_gmt":"2017-02-03T13:45:45","slug":"nuestras-cocinas","status":"publish","type":"page","link":"https:\/\/multicocinas.es\/index.php\/nuestras-cocinas\/","title":{"rendered":"Nuestras Cocinas"},"content":{"rendered":"<\/div><\/div><\/div><!-- close content main div --><\/div><\/div><div id='full_slider_1' class='avia-fullwidth-slider main_color avia-shadow  container_wrap sidebar_right'   ><div  data-size='featured'  data-lightbox_size='large'  data-animation='slide'  data-ids='3384,3474'  data-video_counter='0'  data-autoplay='true'  data-bg_slider='false'  data-slide_height=''  data-handle='av_slideshow_full'  data-interval='5'  data-class=' '  data-css_id=''  data-scroll_down=''  data-control_layout='av-control-default'  data-custom_markup=''  data-perma_caption=''  data-autoplay_stopper=''  data-src=''  data-position='top left'  data-repeat='no-repeat'  data-attach='scroll'  data-stretch=''  data-default-height='28.666666666667'  class='avia-slideshow avia-slideshow-1  av-control-default av-default-height-applied avia-slideshow-featured av_slideshow_full   avia-slide-slider '  itemscope=\"itemscope\" itemtype=\"https:\/\/schema.org\/ImageObject\" ><ul class='avia-slideshow-inner' style='padding-bottom: 35.833333333333%;'><li  class=' slide-1 ' ><div data-rel='slideshow-1' class='avia-slide-wrap'  ><div class = \"caption_fullwidth av-slideshow-caption caption_center caption_center_framed caption_framed\"><div class = \"container caption_container\"><div class = \"slideshow_caption\"><div class = \"slideshow_inner_caption\"><div class = \"slideshow_align_caption\"><h2  class='avia-caption-title'  itemprop=\"name\" >CL\u00c1SICAS<\/h2><\/div><\/div><\/div><\/div><\/div><img src='https:\/\/multicocinas.es\/wp-content\/uploads\/2016\/04\/cocina-clasica-1200x430.jpg' width='1200' height='430' title='cocina-clasica' alt=''  itemprop=\"contentURL\"  \/><\/div><\/li><li  class=' slide-2 ' ><div data-rel='slideshow-1' class='avia-slide-wrap'  ><div class = \"caption_fullwidth av-slideshow-caption caption_center caption_center_framed caption_framed\"><div class = \"container caption_container\"><div class = \"slideshow_caption\"><div class = \"slideshow_inner_caption\"><div class = \"slideshow_align_caption\"><h2  class='avia-caption-title'  itemprop=\"name\" >MODERNAS<\/h2><\/div><\/div><\/div><\/div><\/div><img src='https:\/\/multicocinas.es\/wp-content\/uploads\/2016\/04\/multicocinas-cocina-2-1200x430.jpg' width='1200' height='430' title='multicocinas-cocina-2' alt=''  itemprop=\"contentURL\"  \/><\/div><\/li><\/ul><div class='avia-slideshow-arrows avia-slideshow-controls'><a href='#prev' class='prev-slide' aria-hidden='true' data-av_icon='\ue87c' data-av_iconfont='entypo-fontello'>Anterior<\/a><a href='#next' class='next-slide' aria-hidden='true' data-av_icon='\ue87d' data-av_iconfont='entypo-fontello'>Posterior<\/a><\/div><div class='avia-slideshow-dots avia-slideshow-controls'><a href='#1' class='goto-slide active' >1<\/a><a href='#2' class='goto-slide ' >2<\/a><\/div><\/div><\/div>\n<div class=\"flex_column av_one_full  flex_column_div first  \" ><section class=\"av_textblock_section\"  itemscope=\"itemscope\" itemtype=\"https:\/\/schema.org\/CreativeWork\" ><div class='avia_textblock '   itemprop=\"text\" ><h2 style=\"text-align: center;\">Nuestras cocinas<\/h2>\n<\/div><\/section><br \/>\n<div  class='hr hr-short hr-center '><span class='hr-inner ' ><span class='hr-inner-style'><\/span><\/span><\/div><br \/>\n<section class=\"av_textblock_section\"  itemscope=\"itemscope\" itemtype=\"https:\/\/schema.org\/CreativeWork\" ><div class='avia_textblock '   itemprop=\"text\" ><p style=\"text-align: center;\">En <strong>Multicocinas<\/strong> nos adaptamos a tus gustos y necesidades. Como los gustos son subjetivos, te ofrecemos una amplia variedad de posibilidades, desde el concepto de<strong> cocina cl\u00e1sica<\/strong> con toques rectos y sobrios a cocinas m\u00e1s <strong>modernas<\/strong> con acabados lacados y terminaciones curvas o m\u00e1s redondeadas.<\/p>\n<\/div><\/section><br \/>\n<div style='height:70px' class='hr hr-invisible '><span class='hr-inner ' ><span class='hr-inner-style'><\/span><\/span><\/div><br \/>\n<div id='av-masonry-1' class='av-masonry noHover av-fixed-size av-large-gap av-hover-overlay- av-masonry-col-3 av-caption-always av-masonry-gallery  ' ><div class='av-masonry-container isotope av-js-disabled ' ><div class='av-masonry-entry isotope-item av-masonry-item-no-image '><\/div><a href=\"https:\/\/multicocinas.es\/wp-content\/uploads\/2016\/04\/multicocinas-cocina-2-1030x579.jpg\" id='av-masonry-1-item-3474' data-av-masonry-item='3474' class='av-masonry-entry isotope-item post-3474 attachment type-attachment status-inherit hentry  av-masonry-item-with-image' title=\"\"  itemprop=\"contentURL\" ><div class='av-inner-masonry-sizer'><\/div><figure class='av-inner-masonry main_color'><div class=\"av-masonry-outerimage-container\"><div class=\"av-masonry-image-container\" style=\"background-image: url(https:\/\/multicocinas.es\/wp-content\/uploads\/2016\/04\/multicocinas-cocina-2-705x397.jpg);\"><img decoding=\"async\" src=\"https:\/\/multicocinas.es\/wp-content\/uploads\/2016\/04\/multicocinas-cocina-2-705x397.jpg\" title=\"multicocinas-cocina-2\" alt=\"\" \/><\/div><\/div><\/figure><\/a><!--end av-masonry entry--><a href=\"https:\/\/multicocinas.es\/wp-content\/uploads\/2016\/04\/multicocinas-cocina-1-1030x579.jpg\" id='av-masonry-1-item-3473' data-av-masonry-item='3473' class='av-masonry-entry isotope-item post-3473 attachment type-attachment status-inherit hentry  av-masonry-item-with-image' title=\"\"  itemprop=\"contentURL\" ><div class='av-inner-masonry-sizer'><\/div><figure class='av-inner-masonry main_color'><div class=\"av-masonry-outerimage-container\"><div class=\"av-masonry-image-container\" style=\"background-image: url(https:\/\/multicocinas.es\/wp-content\/uploads\/2016\/04\/multicocinas-cocina-1-705x397.jpg);\"><img decoding=\"async\" src=\"https:\/\/multicocinas.es\/wp-content\/uploads\/2016\/04\/multicocinas-cocina-1-705x397.jpg\" title=\"multicocinas-cocina-1\" alt=\"\" \/><\/div><\/div><\/figure><\/a><!--end av-masonry entry--><a href=\"https:\/\/multicocinas.es\/wp-content\/uploads\/2016\/04\/multicocinas-cocina-5-1030x579.jpg\" id='av-masonry-1-item-3477' data-av-masonry-item='3477' class='av-masonry-entry isotope-item post-3477 attachment type-attachment status-inherit hentry  av-masonry-item-with-image' title=\"\"  itemprop=\"contentURL\" ><div class='av-inner-masonry-sizer'><\/div><figure class='av-inner-masonry main_color'><div class=\"av-masonry-outerimage-container\"><div class=\"av-masonry-image-container\" style=\"background-image: url(https:\/\/multicocinas.es\/wp-content\/uploads\/2016\/04\/multicocinas-cocina-5-705x397.jpg);\"><img decoding=\"async\" src=\"https:\/\/multicocinas.es\/wp-content\/uploads\/2016\/04\/multicocinas-cocina-5-705x397.jpg\" title=\"multicocinas-cocina-5\" alt=\"\" \/><\/div><\/div><\/figure><\/a><!--end av-masonry entry--><a href=\"http:\/\/multicocinas.es\/index.php\/nuestras-cocinas\/\" id='av-masonry-1-item-3483' data-av-masonry-item='3483' class='av-masonry-entry isotope-item post-3483 attachment type-attachment status-inherit hentry  av-masonry-item-with-image' title=\"Nuestras cocinas\"  itemprop=\"contentURL\" ><div class='av-inner-masonry-sizer'><\/div><figure class='av-inner-masonry main_color'><div class=\"av-masonry-outerimage-container\"><div class=\"av-masonry-image-container\" style=\"background-image: url(https:\/\/multicocinas.es\/wp-content\/uploads\/2016\/04\/multicocinas-cocina-11-705x397.jpg);\"><img decoding=\"async\" src=\"https:\/\/multicocinas.es\/wp-content\/uploads\/2016\/04\/multicocinas-cocina-11-705x397.jpg\" title=\"multicocinas-cocina-11\" alt=\"\" \/><\/div><\/div><\/figure><\/a><!--end av-masonry entry--><a href=\"https:\/\/multicocinas.es\/wp-content\/uploads\/2016\/04\/multicocinas-cocina-3-1030x579.jpg\" id='av-masonry-1-item-3475' data-av-masonry-item='3475' class='av-masonry-entry isotope-item post-3475 attachment type-attachment status-inherit hentry  av-masonry-item-with-image' title=\"\"  itemprop=\"contentURL\" ><div class='av-inner-masonry-sizer'><\/div><figure class='av-inner-masonry main_color'><div class=\"av-masonry-outerimage-container\"><div class=\"av-masonry-image-container\" style=\"background-image: url(https:\/\/multicocinas.es\/wp-content\/uploads\/2016\/04\/multicocinas-cocina-3-705x397.jpg);\"><img decoding=\"async\" src=\"https:\/\/multicocinas.es\/wp-content\/uploads\/2016\/04\/multicocinas-cocina-3-705x397.jpg\" title=\"multicocinas-cocina-3\" alt=\"\" \/><\/div><\/div><\/figure><\/a><!--end av-masonry entry--><a href=\"http:\/\/multicocinas.es\/index.php\/galeria\/\" id='av-masonry-1-item-3482' data-av-masonry-item='3482' class='av-masonry-entry isotope-item post-3482 attachment type-attachment status-inherit hentry  av-masonry-item-with-image' title=\"Galer\u00eda\"  itemprop=\"contentURL\" ><div class='av-inner-masonry-sizer'><\/div><figure class='av-inner-masonry main_color'><div class=\"av-masonry-outerimage-container\"><div class=\"av-masonry-image-container\" style=\"background-image: url(https:\/\/multicocinas.es\/wp-content\/uploads\/2016\/04\/multicocinas-cocina-10-705x397.jpg);\"><img decoding=\"async\" src=\"https:\/\/multicocinas.es\/wp-content\/uploads\/2016\/04\/multicocinas-cocina-10-705x397.jpg\" title=\"multicocinas-cocina-10\" alt=\"\" \/><\/div><\/div><\/figure><\/a><!--end av-masonry entry--><a href=\"https:\/\/multicocinas.es\/wp-content\/uploads\/2016\/04\/multicocinas-cocina-6-1030x579.jpg\" id='av-masonry-1-item-3478' data-av-masonry-item='3478' class='av-masonry-entry isotope-item post-3478 attachment type-attachment status-inherit hentry  av-masonry-item-with-image' title=\"\"  itemprop=\"contentURL\" ><div class='av-inner-masonry-sizer'><\/div><figure class='av-inner-masonry main_color'><div class=\"av-masonry-outerimage-container\"><div class=\"av-masonry-image-container\" style=\"background-image: url(https:\/\/multicocinas.es\/wp-content\/uploads\/2016\/04\/multicocinas-cocina-6-705x397.jpg);\"><img decoding=\"async\" src=\"https:\/\/multicocinas.es\/wp-content\/uploads\/2016\/04\/multicocinas-cocina-6-705x397.jpg\" title=\"multicocinas-cocina-6\" alt=\"\" \/><\/div><\/div><\/figure><\/a><!--end av-masonry entry--><a href=\"https:\/\/multicocinas.es\/wp-content\/uploads\/2016\/04\/multicocinas-cocina-15-1030x579.jpg\" id='av-masonry-1-item-3487' data-av-masonry-item='3487' class='av-masonry-entry isotope-item post-3487 attachment type-attachment status-inherit hentry  av-masonry-item-with-image' title=\"\"  itemprop=\"contentURL\" ><div class='av-inner-masonry-sizer'><\/div><figure class='av-inner-masonry main_color'><div class=\"av-masonry-outerimage-container\"><div class=\"av-masonry-image-container\" style=\"background-image: url(https:\/\/multicocinas.es\/wp-content\/uploads\/2016\/04\/multicocinas-cocina-15-705x397.jpg);\"><img decoding=\"async\" src=\"https:\/\/multicocinas.es\/wp-content\/uploads\/2016\/04\/multicocinas-cocina-15-705x397.jpg\" title=\"multicocinas-cocina-15\" alt=\"\" \/><\/div><\/div><\/figure><\/a><!--end av-masonry entry--><a href=\"https:\/\/multicocinas.es\/wp-content\/uploads\/2016\/04\/multicocinas-cocina-4-1030x579.jpg\" id='av-masonry-1-item-3476' data-av-masonry-item='3476' class='av-masonry-entry isotope-item post-3476 attachment type-attachment status-inherit hentry  av-masonry-item-with-image' title=\"\"  itemprop=\"contentURL\" ><div class='av-inner-masonry-sizer'><\/div><figure class='av-inner-masonry main_color'><div class=\"av-masonry-outerimage-container\"><div class=\"av-masonry-image-container\" style=\"background-image: url(https:\/\/multicocinas.es\/wp-content\/uploads\/2016\/04\/multicocinas-cocina-4-705x397.jpg);\"><img decoding=\"async\" src=\"https:\/\/multicocinas.es\/wp-content\/uploads\/2016\/04\/multicocinas-cocina-4-705x397.jpg\" title=\"multicocinas-cocina-4\" alt=\"\" \/><\/div><\/div><\/figure><\/a><!--end av-masonry entry--><a href=\"https:\/\/multicocinas.es\/wp-content\/uploads\/2016\/04\/multicocinas-cocina-12-1030x579.jpg\" id='av-masonry-1-item-3484' data-av-masonry-item='3484' class='av-masonry-entry isotope-item post-3484 attachment type-attachment status-inherit hentry  av-masonry-item-with-image' title=\"\"  itemprop=\"contentURL\" ><div class='av-inner-masonry-sizer'><\/div><figure class='av-inner-masonry main_color'><div class=\"av-masonry-outerimage-container\"><div class=\"av-masonry-image-container\" style=\"background-image: url(https:\/\/multicocinas.es\/wp-content\/uploads\/2016\/04\/multicocinas-cocina-12-705x397.jpg);\"><img decoding=\"async\" src=\"https:\/\/multicocinas.es\/wp-content\/uploads\/2016\/04\/multicocinas-cocina-12-705x397.jpg\" title=\"multicocinas-cocina-12\" alt=\"\" \/><\/div><\/div><\/figure><\/a><!--end av-masonry entry--><a href=\"https:\/\/multicocinas.es\/wp-content\/uploads\/2016\/04\/multicocinas-cocina-9-1030x579.jpg\" id='av-masonry-1-item-3481' data-av-masonry-item='3481' class='av-masonry-entry isotope-item post-3481 attachment type-attachment status-inherit hentry  av-masonry-item-with-image' title=\"\"  itemprop=\"contentURL\" ><div class='av-inner-masonry-sizer'><\/div><figure class='av-inner-masonry main_color'><div class=\"av-masonry-outerimage-container\"><div class=\"av-masonry-image-container\" style=\"background-image: url(https:\/\/multicocinas.es\/wp-content\/uploads\/2016\/04\/multicocinas-cocina-9-705x397.jpg);\"><img decoding=\"async\" src=\"https:\/\/multicocinas.es\/wp-content\/uploads\/2016\/04\/multicocinas-cocina-9-705x397.jpg\" title=\"multicocinas-cocina-9\" alt=\"\" \/><\/div><\/div><\/figure><\/a><!--end av-masonry entry--><a href=\"http:\/\/multicocinas.es\/index.php\/departamento-diseno\/\" id='av-masonry-1-item-3480' data-av-masonry-item='3480' class='av-masonry-entry isotope-item post-3480 attachment type-attachment status-inherit hentry  av-masonry-item-with-image' title=\"Departamento de dise\u00f1o\"  itemprop=\"contentURL\" ><div class='av-inner-masonry-sizer'><\/div><figure class='av-inner-masonry main_color'><div class=\"av-masonry-outerimage-container\"><div class=\"av-masonry-image-container\" style=\"background-image: url(https:\/\/multicocinas.es\/wp-content\/uploads\/2016\/04\/multicocinas-cocina-8-705x397.jpg);\"><img decoding=\"async\" src=\"https:\/\/multicocinas.es\/wp-content\/uploads\/2016\/04\/multicocinas-cocina-8-705x397.jpg\" title=\"multicocinas-cocina-8\" alt=\"\" \/><\/div><\/div><\/figure><\/a><!--end av-masonry entry--><a href=\"https:\/\/multicocinas.es\/wp-content\/uploads\/2016\/04\/multicocinas-cocina-13-1030x579.jpg\" id='av-masonry-1-item-3485' data-av-masonry-item='3485' class='av-masonry-entry isotope-item post-3485 attachment type-attachment status-inherit hentry  av-masonry-item-with-image' title=\"\"  itemprop=\"contentURL\" ><div class='av-inner-masonry-sizer'><\/div><figure class='av-inner-masonry main_color'><div class=\"av-masonry-outerimage-container\"><div class=\"av-masonry-image-container\" style=\"background-image: url(https:\/\/multicocinas.es\/wp-content\/uploads\/2016\/04\/multicocinas-cocina-13-705x397.jpg);\"><img decoding=\"async\" src=\"https:\/\/multicocinas.es\/wp-content\/uploads\/2016\/04\/multicocinas-cocina-13-705x397.jpg\" title=\"multicocinas-cocina-13\" alt=\"\" \/><\/div><\/div><\/figure><\/a><!--end av-masonry entry--><a href=\"https:\/\/multicocinas.es\/wp-content\/uploads\/2016\/04\/multicocinas-cocina-7-1030x579.jpg\" id='av-masonry-1-item-3479' data-av-masonry-item='3479' class='av-masonry-entry isotope-item post-3479 attachment type-attachment status-inherit hentry  av-masonry-item-with-image' title=\"\"  itemprop=\"contentURL\" ><div class='av-inner-masonry-sizer'><\/div><figure class='av-inner-masonry main_color'><div class=\"av-masonry-outerimage-container\"><div class=\"av-masonry-image-container\" style=\"background-image: url(https:\/\/multicocinas.es\/wp-content\/uploads\/2016\/04\/multicocinas-cocina-7-705x397.jpg);\"><img decoding=\"async\" src=\"https:\/\/multicocinas.es\/wp-content\/uploads\/2016\/04\/multicocinas-cocina-7-705x397.jpg\" title=\"multicocinas-cocina-7\" alt=\"\" \/><\/div><\/div><\/figure><\/a><!--end av-masonry entry--><a href=\"https:\/\/multicocinas.es\/wp-content\/uploads\/2016\/04\/multicocinas-cocina-14-1030x579.jpg\" id='av-masonry-1-item-3486' data-av-masonry-item='3486' class='av-masonry-entry isotope-item post-3486 attachment type-attachment status-inherit hentry  av-masonry-item-with-image' title=\"\"  itemprop=\"contentURL\" ><div class='av-inner-masonry-sizer'><\/div><figure class='av-inner-masonry main_color'><div class=\"av-masonry-outerimage-container\"><div class=\"av-masonry-image-container\" style=\"background-image: url(https:\/\/multicocinas.es\/wp-content\/uploads\/2016\/04\/multicocinas-cocina-14-705x397.jpg);\"><img decoding=\"async\" src=\"https:\/\/multicocinas.es\/wp-content\/uploads\/2016\/04\/multicocinas-cocina-14-705x397.jpg\" title=\"multicocinas-cocina-14\" alt=\"\" \/><\/div><\/div><\/figure><\/a><!--end av-masonry entry--><\/div><\/div><\/p><\/div>\n","protected":false},"excerpt":{"rendered":"","protected":false},"author":1,"featured_media":0,"parent":0,"menu_order":0,"comment_status":"open","ping_status":"closed","template":"","meta":{"footnotes":""},"class_list":["post-3361","page","type-page","status-publish","hentry"],"yoast_head":"<!-- This site is optimized with the Yoast SEO plugin v25.4 - https:\/\/yoast.com\/wordpress\/plugins\/seo\/ -->\n<title>Nuestras Cocinas - Cocina Cl\u00e1sica - Cocina Moderna - multicocinas<\/title>\n<meta name=\"description\" content=\"Cocina Cl\u00e1sica - Cocina Moderna disfruta de una selecci\u00f3n de nuestras cocinas de las que podr\u00e1s sacar numerosas ideas que nosotros llevaremos a cabo.\" \/>\n<meta name=\"robots\" content=\"index, follow, max-snippet:-1, max-image-preview:large, max-video-preview:-1\" \/>\n<link rel=\"canonical\" href=\"https:\/\/multicocinas.es\/index.php\/nuestras-cocinas\/\" \/>\n<meta property=\"og:locale\" content=\"es_ES\" \/>\n<meta property=\"og:type\" content=\"article\" \/>\n<meta property=\"og:title\" content=\"Nuestras Cocinas - Cocina Cl\u00e1sica - Cocina Moderna - multicocinas\" \/>\n<meta property=\"og:description\" content=\"Cocina Cl\u00e1sica - Cocina Moderna disfruta de una selecci\u00f3n de nuestras cocinas de las que podr\u00e1s sacar numerosas ideas que nosotros llevaremos a cabo.\" \/>\n<meta property=\"og:url\" content=\"https:\/\/multicocinas.es\/index.php\/nuestras-cocinas\/\" \/>\n<meta property=\"og:site_name\" content=\"multicocinas\" \/>\n<meta property=\"article:modified_time\" content=\"2017-02-03T13:45:45+00:00\" \/>\n<meta name=\"twitter:card\" content=\"summary_large_image\" \/>\n<meta name=\"twitter:label1\" content=\"Tiempo de lectura\" \/>\n\t<meta name=\"twitter:data1\" content=\"2 minutos\" \/>\n<script type=\"application\/ld+json\" class=\"yoast-schema-graph\">{\"@context\":\"https:\/\/schema.org\",\"@graph\":[{\"@type\":\"WebPage\",\"@id\":\"https:\/\/multicocinas.es\/index.php\/nuestras-cocinas\/\",\"url\":\"https:\/\/multicocinas.es\/index.php\/nuestras-cocinas\/\",\"name\":\"Nuestras Cocinas - Cocina Cl\u00e1sica - Cocina Moderna - multicocinas\",\"isPartOf\":{\"@id\":\"https:\/\/multicocinas.es\/#website\"},\"datePublished\":\"2016-04-01T12:30:47+00:00\",\"dateModified\":\"2017-02-03T13:45:45+00:00\",\"description\":\"Cocina Cl\u00e1sica - Cocina Moderna disfruta de una selecci\u00f3n de nuestras cocinas de las que podr\u00e1s sacar numerosas ideas que nosotros llevaremos a cabo.\",\"breadcrumb\":{\"@id\":\"https:\/\/multicocinas.es\/index.php\/nuestras-cocinas\/#breadcrumb\"},\"inLanguage\":\"es\",\"potentialAction\":[{\"@type\":\"ReadAction\",\"target\":[\"https:\/\/multicocinas.es\/index.php\/nuestras-cocinas\/\"]}]},{\"@type\":\"BreadcrumbList\",\"@id\":\"https:\/\/multicocinas.es\/index.php\/nuestras-cocinas\/#breadcrumb\",\"itemListElement\":[{\"@type\":\"ListItem\",\"position\":1,\"name\":\"Portada\",\"item\":\"https:\/\/multicocinas.es\/\"},{\"@type\":\"ListItem\",\"position\":2,\"name\":\"Nuestras Cocinas\"}]},{\"@type\":\"WebSite\",\"@id\":\"https:\/\/multicocinas.es\/#website\",\"url\":\"https:\/\/multicocinas.es\/\",\"name\":\"multicocinas\",\"description\":\"Otro sitio realizado con WordPress\",\"potentialAction\":[{\"@type\":\"SearchAction\",\"target\":{\"@type\":\"EntryPoint\",\"urlTemplate\":\"https:\/\/multicocinas.es\/?s={search_term_string}\"},\"query-input\":{\"@type\":\"PropertyValueSpecification\",\"valueRequired\":true,\"valueName\":\"search_term_string\"}}],\"inLanguage\":\"es\"}]}<\/script>\n<!-- \/ Yoast SEO plugin. -->","yoast_head_json":{"title":"Nuestras Cocinas - Cocina Cl\u00e1sica - Cocina Moderna - multicocinas","description":"Cocina Cl\u00e1sica - Cocina Moderna disfruta de una selecci\u00f3n de nuestras cocinas de las que podr\u00e1s sacar numerosas ideas que nosotros llevaremos a cabo.","robots":{"index":"index","follow":"follow","max-snippet":"max-snippet:-1","max-image-preview":"max-image-preview:large","max-video-preview":"max-video-preview:-1"},"canonical":"https:\/\/multicocinas.es\/index.php\/nuestras-cocinas\/","og_locale":"es_ES","og_type":"article","og_title":"Nuestras Cocinas - Cocina Cl\u00e1sica - Cocina Moderna - multicocinas","og_description":"Cocina Cl\u00e1sica - Cocina Moderna disfruta de una selecci\u00f3n de nuestras cocinas de las que podr\u00e1s sacar numerosas ideas que nosotros llevaremos a cabo.","og_url":"https:\/\/multicocinas.es\/index.php\/nuestras-cocinas\/","og_site_name":"multicocinas","article_modified_time":"2017-02-03T13:45:45+00:00","twitter_card":"summary_large_image","twitter_misc":{"Tiempo de lectura":"2 minutos"},"schema":{"@context":"https:\/\/schema.org","@graph":[{"@type":"WebPage","@id":"https:\/\/multicocinas.es\/index.php\/nuestras-cocinas\/","url":"https:\/\/multicocinas.es\/index.php\/nuestras-cocinas\/","name":"Nuestras Cocinas - Cocina Cl\u00e1sica - Cocina Moderna - multicocinas","isPartOf":{"@id":"https:\/\/multicocinas.es\/#website"},"datePublished":"2016-04-01T12:30:47+00:00","dateModified":"2017-02-03T13:45:45+00:00","description":"Cocina Cl\u00e1sica - Cocina Moderna disfruta de una selecci\u00f3n de nuestras cocinas de las que podr\u00e1s sacar numerosas ideas que nosotros llevaremos a cabo.","breadcrumb":{"@id":"https:\/\/multicocinas.es\/index.php\/nuestras-cocinas\/#breadcrumb"},"inLanguage":"es","potentialAction":[{"@type":"ReadAction","target":["https:\/\/multicocinas.es\/index.php\/nuestras-cocinas\/"]}]},{"@type":"BreadcrumbList","@id":"https:\/\/multicocinas.es\/index.php\/nuestras-cocinas\/#breadcrumb","itemListElement":[{"@type":"ListItem","position":1,"name":"Portada","item":"https:\/\/multicocinas.es\/"},{"@type":"ListItem","position":2,"name":"Nuestras Cocinas"}]},{"@type":"WebSite","@id":"https:\/\/multicocinas.es\/#website","url":"https:\/\/multicocinas.es\/","name":"multicocinas","description":"Otro sitio realizado con WordPress","potentialAction":[{"@type":"SearchAction","target":{"@type":"EntryPoint","urlTemplate":"https:\/\/multicocinas.es\/?s={search_term_string}"},"query-input":{"@type":"PropertyValueSpecification","valueRequired":true,"valueName":"search_term_string"}}],"inLanguage":"es"}]}},"_links":{"self":[{"href":"https:\/\/multicocinas.es\/index.php\/wp-json\/wp\/v2\/pages\/3361","targetHints":{"allow":["GET"]}}],"collection":[{"href":"https:\/\/multicocinas.es\/index.php\/wp-json\/wp\/v2\/pages"}],"about":[{"href":"https:\/\/multicocinas.es\/index.php\/wp-json\/wp\/v2\/types\/page"}],"author":[{"embeddable":true,"href":"https:\/\/multicocinas.es\/index.php\/wp-json\/wp\/v2\/users\/1"}],"replies":[{"embeddable":true,"href":"https:\/\/multicocinas.es\/index.php\/wp-json\/wp\/v2\/comments?post=3361"}],"version-history":[{"count":0,"href":"https:\/\/multicocinas.es\/index.php\/wp-json\/wp\/v2\/pages\/3361\/revisions"}],"wp:attachment":[{"href":"https:\/\/multicocinas.es\/index.php\/wp-json\/wp\/v2\/media?parent=3361"}],"curies":[{"name":"wp","href":"https:\/\/api.w.org\/{rel}","templated":true}]}}